{"id":41,"date":"2025-02-21T15:55:35","date_gmt":"2025-02-21T15:55:35","guid":{"rendered":"https:\/\/pogromca-usterek.pl\/service\/"},"modified":"2025-11-04T18:15:06","modified_gmt":"2025-11-04T18:15:06","slug":"uslugi","status":"publish","type":"page","link":"https:\/\/pogromca-usterek.pl\/?page_id=41","title":{"rendered":"Wyko\u0144czenia wn\u0119trz, hydraulika, elektryka"},"content":{"rendered":"\n\n\n\n<h3><strong>Zakres us\u0142ug jaki Pa\u0144stwu oferuj\u0119 jest bardzo szeroki:<\/strong><\/h3>\n\n\n<p><strong><br><em>Elektryczne:<\/em><\/strong><br>&#8211; <strong>Instalacje elektryczne <br>&#8211; Wymiana gniazdka, wy\u0142\u0105cznika.<br>&#8211; Wymiana \u017cyrandola, kinkietu.<br>&#8211; Naprawa instalacji elektrycznej.<br>&#8211; Przer\u00f3bki instalacji elektrycznej.<br>&#8211; Instalacje antenowe, monta\u017c anten<br><em>Hydrauliczne:<\/em><\/strong><br><strong>&#8211; Instalacje hydrauliczne, kanalizacyjne <br>&#8211; Naprawa, wymiana kranu<br>&#8211; Naprawa sp\u0142uczki<br>&#8211; Naprawa, wymiana odp\u0142yw\u00f3w zlewozmywaka, umywalki, wanny, brodzika<br>&#8211; Pod\u0142\u0105czenie pralki, zmywarki <\/strong><br><strong>&#8211; wymiana zawor\u00f3w,<br><em>Budowlane:<\/em><\/strong><br><strong>&#8211; Malowanie natryskowe elewacji <br>&#8211; Naprawa ubytk\u00f3w glazury, terakoty.<br>&#8211; Naprawa ubytk\u00f3w tynku.<br>&#8211; Obsadzanie wyrwanych kontakt\u00f3w i wy\u0142\u0105cznik\u00f3w.<br>&#8211; Gipsowanie i malowanie \u015bcian.<\/strong><br>&#8211;<strong>Zabudowa G-K<\/strong><br>&#8211;<strong>Tapetowanie<br>&#8211; Oraz wiele innych prac budowlanych.<br>&#8211; Monta\u017c mebli i szafek wraz z monta\u017cem na \u015bcianie.<br>&#8211; R\u00f3\u017cne prace stolarskie mniej i bardziej zaawansowane.<\/strong><br><\/p>\n\n\n\n\n<p>Lorem Ipsum has been the industry&#8217;s standard dummy text ever since the 1500s.<\/p>\n\nDesigning\nDesigning\nDesigning\n\n\n\n\n\n<h4><\/h4>\n\n\n\n\n\n\n","protected":false},"excerpt":{"rendered":"","protected":false},"author":1,"featured_media":0,"parent":0,"menu_order":0,"comment_status":"closed","ping_status":"open","template":"","meta":{"_crdt_document":"","pagelayer_contact_templates":[],"_pagelayer_content":"","footnotes":""},"class_list":["post-41","page","type-page","status-publish","hentry"],"_links":{"self":[{"href":"https:\/\/pogromca-usterek.pl\/index.php?rest_route=\/wp\/v2\/pages\/41","targetHints":{"allow":["GET"]}}],"collection":[{"href":"https:\/\/pogromca-usterek.pl\/index.php?rest_route=\/wp\/v2\/pages"}],"about":[{"href":"https:\/\/pogromca-usterek.pl\/index.php?rest_route=\/wp\/v2\/types\/page"}],"author":[{"embeddable":true,"href":"https:\/\/pogromca-usterek.pl\/index.php?rest_route=\/wp\/v2\/users\/1"}],"replies":[{"embeddable":true,"href":"https:\/\/pogromca-usterek.pl\/index.php?rest_route=%2Fwp%2Fv2%2Fcomments&post=41"}],"version-history":[{"count":16,"href":"https:\/\/pogromca-usterek.pl\/index.php?rest_route=\/wp\/v2\/pages\/41\/revisions"}],"predecessor-version":[{"id":383,"href":"https:\/\/pogromca-usterek.pl\/index.php?rest_route=\/wp\/v2\/pages\/41\/revisions\/383"}],"wp:attachment":[{"href":"https:\/\/pogromca-usterek.pl\/index.php?rest_route=%2Fwp%2Fv2%2Fmedia&parent=41"}],"curies":[{"name":"wp","href":"https:\/\/api.w.org\/{rel}","templated":true}]}}