{"id":3,"date":"2025-02-21T15:00:43","date_gmt":"2025-02-21T15:00:43","guid":{"rendered":"http:\/\/pogromca-usterek.pl\/?page_id=3"},"modified":"2025-02-23T21:43:18","modified_gmt":"2025-02-23T21:43:18","slug":"polityka-prywatnosci","status":"publish","type":"page","link":"https:\/\/pogromca-usterek.pl\/?page_id=3","title":{"rendered":"Polityka prywatno\u015bci"},"content":{"rendered":"\n<h2 class=\"wp-block-heading\"><strong>Kto jest Administratorem Pa\u0144stwa danych?<\/strong><\/h2>\n\n\n\n<p class=\"wp-block-paragraph\">Firma Pogromca Usterek     https:\/\/pogromca-usterek.pl.<\/p>\n\n\n\n<h2 class=\"wp-block-heading\">Mechanizmy cookies na stronach internetowych firmy Pogromca Usterki<\/h2>\n\n\n\n<p class=\"wp-block-paragraph\">W zwi\u0105zku z udost\u0119pnianiem us\u0142ug internetowych, firma Pogromca Usterek stosuje tzw. cookies, tj. dane informatyczne zapisywane przez serwery na urz\u0105dzeniu ko\u0144cowym u\u017cytkownika, kt\u00f3re serwery mog\u0105 odczyta\u0107 przy ka\u017cdorazowym po\u0142\u0105czeniu si\u0119 z tego urz\u0105dzenia ko\u0144cowego.<\/p>\n\n\n\n<p class=\"wp-block-paragraph\">Oprogramowanie s\u0142u\u017c\u0105ce do przegl\u0105dania stron internetowych (przegl\u0105darka internetowa) domy\u015blnie dopuszcza przechowywanie cookies w urz\u0105dzeniu ko\u0144cowym u\u017cytkownika. U\u017cytkownicy serwisu mog\u0105 dokona\u0107 w ka\u017cdym czasie zmiany ustawie\u0144 dotycz\u0105cych cookies. Ustawienia te mog\u0105 zosta\u0107 zmienione w szczeg\u00f3lno\u015bci w taki spos\u00f3b, aby blokowa\u0107 automatyczn\u0105 obs\u0142ug\u0119 cookies w ustawieniach przegl\u0105darki internetowej, b\u0105d\u017a informowa\u0107 o ich ka\u017cdorazowym zamieszczeniu w urz\u0105dzeniu u\u017cytkownika serwisu internetowego.<\/p>\n\n\n\n<p class=\"wp-block-paragraph\">Szczeg\u00f3\u0142owe informacje o mo\u017cliwo\u015bci i sposobach obs\u0142ugi cookies dost\u0119pne s\u0105 w ustawieniach oprogramowania (przegl\u0105darki internetowej).<\/p>\n\n\n\n<p class=\"wp-block-paragraph\">Niedokonanie zmiany ustawie\u0144 w zakresie cookies oznacza, \u017ce b\u0119d\u0105 one zamieszczone w urz\u0105dzeniu ko\u0144cowym u\u017cytkownika, a tym samym b\u0119dziemy przechowywa\u0107 informacje w urz\u0105dzeniu ko\u0144cowym u\u017cytkownika i uzyskiwa\u0107 dost\u0119p do tych informacji. Wy\u0142\u0105czenie stosowania cookies mo\u017ce spowodowa\u0107 utrudnienia w korzystaniu z niekt\u00f3rych us\u0142ug w ramach naszych serwis\u00f3w internetowych.<\/p>\n\n\n\n<p class=\"wp-block-paragraph\">Cookies wykorzystywane s\u0105 w szczeg\u00f3lno\u015bci w celu:<\/p>\n\n\n\n<ol class=\"wp-block-list\">\n<li>\u015bwiadczenia us\u0142ug;<\/li>\n\n\n\n<li>dostosowywania zawarto\u015bci serwis\u00f3w i aplikacji do preferencji U\u017cytkownika oraz optymalizacji korzystania ze stron internetowych; np. cookies pozwalaj\u0105 w szczeg\u00f3lno\u015bci rozpozna\u0107 urz\u0105dzenie U\u017cytkownika i odpowiednio wy\u015bwietli\u0107 stron\u0119 internetow\u0105 dostosowan\u0105 do jego indywidualnych potrzeb;<\/li>\n\n\n\n<li>tworzenia statystyk, kt\u00f3re pomagaj\u0105 zrozumie\u0107, w jaki spos\u00f3b U\u017cytkownicy korzystaj\u0105 ze serwis\u00f3w i aplikacji, co umo\u017cliwia ulepszanie ich struktury i zawarto\u015bci;<\/li>\n\n\n\n<li>utrzymania sesji U\u017cytkownika (po zalogowaniu), dzi\u0119ki czemu U\u017cytkownik nie musi na ka\u017cdej podstronie internetowej danego serwisu i aplikacji ponownie wpisywa\u0107 loginu i has\u0142a;<\/li>\n\n\n\n<li>prezentacji reklam us\u0142ug i produkt\u00f3w w\u0142asnych i firm trzecich;<\/li>\n\n\n\n<li>wykorzystania funkcji interaktywnych w celu popularyzacji serwis\u00f3w za pomoc\u0105 serwis\u00f3w spo\u0142eczno\u015bciowych: plus.google.com [administrator cookies: Google Inc z siedzib\u0105 w USA] oraz Facebook.com [administrator cookies: Facebook Inc z siedzib\u0105 w USA lub Facebook Ireland z siedzib\u0105 w Irlandii]<\/li>\n<\/ol>\n\n\n\n<h2 class=\"wp-block-heading\">POLITYKA PRZETWARZANIA DANYCH W POGROMCA USTEREK<\/h2>\n\n\n\n<h2 class=\"wp-block-heading\">Podstawa Prawna<\/h2>\n\n\n\n<p class=\"wp-block-paragraph\">Rozporz\u0105dzenie Parlamentu Europejskiego i Rady (UE) 2016\/679 z dnia 27 kwietnia 2016 r. w sprawie ochrony os\u00f3b fizycznych w zwi\u0105zku z przetwarzaniem danych osobowych i w sprawie swobodnego przep\u0142ywu takich danych, oraz uchylenia dyrektywy 95\/46\/WE (\u201eOg\u00f3lne Rozporz\u0105dzenie o Ochronie Danych\u201d) dalej jako Rozporz\u0105dzenie.<\/p>\n\n\n\n<h2 class=\"wp-block-heading\">Administrator Danych<\/h2>\n\n\n\n<p class=\"wp-block-paragraph\">Administratorem danych osobowych jest Pogromca Usterek 89-200 Rynarzewo NIP 5621532397<\/p>\n\n\n\n<h2 class=\"wp-block-heading\">Konieczno\u015b\u0107 przekazania danych osobowych<\/h2>\n\n\n\n<p class=\"wp-block-paragraph\">Podanie danych jest dobrowolne, ale jest niezb\u0119dne dla wykonania umowy. W przypadku przetwarzania danych dla cel\u00f3w marketingowych, podanie danych mo\u017ce by\u0107 niezb\u0119dne dla otrzymania informacji marketingowej.<\/p>\n\n\n\n<h2 class=\"wp-block-heading\">Cel przetwarzania danych i podstawy prawne<\/h2>\n\n\n\n<p class=\"wp-block-paragraph\">Dane osobowe mog\u0105 by\u0107 przetwarzane przez Pogromca Usterek w nast\u0119puj\u0105cych celach:<\/p>\n\n\n\n<ol class=\"wp-block-list\">\n<li>Przedstawienia ofert na us\u0142ug\u0119 \u015bwiadczon\u0105 przez Pogromca Usterek, w tym w imieniu i na rzecz sp\u00f3\u0142ek z Grupy Kapita\u0142owej Pogromca Usterek i podmiot\u00f3w wsp\u00f3\u0142pracuj\u0105cych z Pogromca Usterek, na podstawie art. 6 ust. 1 lit. b lub lit. f Rozporz\u0105dzenia.<\/li>\n\n\n\n<li>Zawarcia umowy na podstawie art. 6 ust. 1 lit. b Rozporz\u0105dzenia.<\/li>\n\n\n\n<li>Realizacji zawartej umowy, lub w celu \u015bwiadczenia us\u0142ug przez Pogromca Usterek, na podstawie art. 6 ust. 1 lit. b-c Rozporz\u0105dzenia.<\/li>\n\n\n\n<li>Rozpatrzenia reklamacji, na podstawie art. 6 ust. 1 lit. b-c i lit. f Rozporz\u0105dzenia.<\/li>\n\n\n\n<li>Marketingu, w tym promocji produkt\u00f3w oferowanych przez Pogromca Usterek lub us\u0142ug \u015bwiadczonych przez Pogromca Usterek lub sp\u00f3\u0142ki z Grupy Kapita\u0142owej Pogromca Usterek lub podmioty wsp\u00f3\u0142pracuj\u0105ce z Pogromca Usterek, na podstawie art. 6 ust. 1 lit. f Rozporz\u0105dzenia.<\/li>\n\n\n\n<li>Ustalenia i dochodzenia roszcze\u0144 przez Pogromca Usterek w zwi\u0105zku z prowadzon\u0105 dzia\u0142alno\u015bci\u0105, w tym windykacji, egzekucji wierzytelno\u015bci, przed organami \u015bcigania, organami orzekaj\u0105cymi, w tym s\u0105dami powszechnymi, s\u0105dami administracyjnymi, S\u0105dem Najwy\u017cszym, w post\u0119powaniach administracyjnych, w tym podatkowych, na podstawie art. 6 ust. 1 lit. f Rozporz\u0105dzenia.<\/li>\n<\/ol>\n\n\n\n<h2 class=\"wp-block-heading\">Przys\u0142uguj\u0105ce prawa<\/h2>\n\n\n\n<p class=\"wp-block-paragraph\">W zwi\u0105zku z przetwarzaniem przez Pogromca Usterek Pa\u0144stwa danych osobowych, przys\u0142uguje Pa\u0144stwu prawo:<\/p>\n\n\n\n<ol class=\"wp-block-list\">\n<li>\u017b\u0105dania od administratora danych dost\u0119pu do danych osobowych dotycz\u0105cych swojej osoby, ich sprostowania, usuni\u0119cia (prawo do bycia zapomnianym) lub ograniczenia przetwarzania, a tak\u017ce przenoszenia danych;<\/li>\n\n\n\n<li>Cofni\u0119cia zgody na przetwarzanie danych w celach marketingowych, w dowolnym momencie bez wp\u0142ywu na zgodno\u015b\u0107 z prawem przetwarzania, kt\u00f3rego dokonano na podstawie zgody przed jej cofni\u0119ciem;<\/li>\n\n\n\n<li>Wniesienia skargi do organu nadzorczego, kt\u00f3rym jest: Prezes Urz\u0119du Ochrony Danych Osobowych ul. Stawki 2 00-193 Warszawa.<\/li>\n<\/ol>\n\n\n\n<h2 class=\"wp-block-heading\">\u0179r\u00f3d\u0142o pochodzenia Pa\u0144stwa danych osobowych<\/h2>\n\n\n\n<p class=\"wp-block-paragraph\">Gromadzone przez Pogromca Usterek dane osobowe pochodz\u0105 przede wszystkim bezpo\u015brednio od klient\u00f3w. Dane przetwarzane w celach marketingowych mog\u0105 by\u0107 tak\u017ce uzyskane poprzez akcje marketingowe prowadzone na zlecenie Pogromca Usterek przez podmioty trzecie.<\/p>\n\n\n\n<p class=\"wp-block-paragraph\"><\/p>\n","protected":false},"excerpt":{"rendered":"<p>Kto jest Administratorem Pa\u0144stwa danych? Firma Pogromca Usterek https:\/\/pogromca-usterek.pl. Mechanizmy cookies na stronach internetowych firmy Pogromca Usterki W zwi\u0105zku z udost\u0119pnianiem us\u0142ug internetowych, firma Pogromca Usterek stosuje tzw. cookies, tj. dane informatyczne zapisywane przez serwery na urz\u0105dzeniu ko\u0144cowym u\u017cytkownika, kt\u00f3re serwery mog\u0105 odczyta\u0107 przy ka\u017cdorazowym po\u0142\u0105czeniu si\u0119 z tego urz\u0105dzenia ko\u0144cowego. Oprogramowanie s\u0142u\u017c\u0105ce do przegl\u0105dania [&hellip;]<\/p>\n","protected":false},"author":1,"featured_media":0,"parent":0,"menu_order":0,"comment_status":"closed","ping_status":"open","template":"","meta":{"_crdt_document":"","pagelayer_contact_templates":[],"_pagelayer_content":"","footnotes":""},"class_list":["post-3","page","type-page","status-publish","hentry"],"_links":{"self":[{"href":"https:\/\/pogromca-usterek.pl\/index.php?rest_route=\/wp\/v2\/pages\/3","targetHints":{"allow":["GET"]}}],"collection":[{"href":"https:\/\/pogromca-usterek.pl\/index.php?rest_route=\/wp\/v2\/pages"}],"about":[{"href":"https:\/\/pogromca-usterek.pl\/index.php?rest_route=\/wp\/v2\/types\/page"}],"author":[{"embeddable":true,"href":"https:\/\/pogromca-usterek.pl\/index.php?rest_route=\/wp\/v2\/users\/1"}],"replies":[{"embeddable":true,"href":"https:\/\/pogromca-usterek.pl\/index.php?rest_route=%2Fwp%2Fv2%2Fcomments&post=3"}],"version-history":[{"count":0,"href":"https:\/\/pogromca-usterek.pl\/index.php?rest_route=\/wp\/v2\/pages\/3\/revisions"}],"wp:attachment":[{"href":"https:\/\/pogromca-usterek.pl\/index.php?rest_route=%2Fwp%2Fv2%2Fmedia&parent=3"}],"curies":[{"name":"wp","href":"https:\/\/api.w.org\/{rel}","templated":true}]}}